{"id":20,"date":"2021-12-11T16:17:51","date_gmt":"2021-12-11T15:17:51","guid":{"rendered":"https:\/\/amigos-elsalvador.de\/?page_id=20"},"modified":"2025-10-02T09:50:28","modified_gmt":"2025-10-02T07:50:28","slug":"ueber-uns","status":"publish","type":"page","link":"https:\/\/amigos-elsalvador.de\/de\/ueber-uns\/","title":{"rendered":"\u00dcber uns"},"content":{"rendered":"<div class=\"wpb-content-wrapper\"><p>[vc_row][vc_column][vc_row_inner][vc_column_inner][vc_column_text]<\/p>\n<p class=\"p1\">&#8222;Amigos de El Salvador e.V.&#8220; wurde 2019 im S\u00fcden Deutschlands aus der Begeisterung einer Gruppe von salvadorianischen und deutschen Freunden geboren, die einen Ort schaffen m\u00f6chten, um die salvadorianische Kultur mit Freunden und Familie in ganz Deutschland zu leben, weiterzugeben und zu teilen.<\/p>\n<p class=\"p1\">Mit Sitz in Herrenberg, Baden-W\u00fcrttemberg, hat er sich zum Ziel gesetzt, internationales Denken zu f\u00f6rdern, basierend auf Toleranz, durch kulturelle und soziale Beziehungen zwischen Salvadorianern und Deutschen. Dar\u00fcber hinaus sollen langanhaltende und solide Bindungen &#8211; Kooperation, Austausch und Unterst\u00fctzung &#8211; zwischen beiden Kulturen geschaffen werden.<\/p>\n<p class=\"p1\">Wenn Sie sich eingehender \u00fcber den Verein informieren m\u00f6chten, bieten wir Ihnen die folgenden Statuten zum Download und zur Lekt\u00fcre an:<\/p>\n<div class=\"download\">\r\n    <a class=\"btn download-link\" href=\"https:\/\/amigos-elsalvador.de\/de\/download\/76\/?tmstv=1775769246\" rel=\"nofollow\">\r\n        <span class=\"save-icon\">\r\n            <svg xmlns=\"http:\/\/www.w3.org\/2000\/svg\" width=\"16\" height=\"16\" fill=\"currentColor\" class=\"bi bi-download\" viewBox=\"0 0 16 16\">\r\n  <path d=\"M.5 9.9a.5.5 0 0 1 .5.5v2.5a1 1 0 0 0 1 1h12a1 1 0 0 0 1-1v-2.5a.5.5 0 0 1 1 0v2.5a2 2 0 0 1-2 2H2a2 2 0 0 1-2-2v-2.5a.5.5 0 0 1 .5-.5z\"\/>\r\n  <path d=\"M7.646 11.854a.5.5 0 0 0 .708 0l3-3a.5.5 0 0 0-.708-.708L8.5 10.293V1.5a.5.5 0 0 0-1 0v8.793L5.354 8.146a.5.5 0 1 0-.708.708l3 3z\"\/>\r\n<\/svg>\r\n        <\/span>\r\n        Satzung des Vereins Amigos de El Salvador e.V. v2        <span class=\"ades-filesize\">&ndash; 324,17 KB<\/span>\r\n    <\/a>\r\n<\/div>\r\n[\/vc_column_text][vc_column_text][\/vc_column_text][vc_column_text el_class=&#8220;equipo&#8220;]<\/p>\n<h2 class=\"p1\">Unser Team<\/h2>\n<p class=\"p1\">Nachfolgend stellen wir Ihnen das Team vor, das die Vereinigung leitet:<\/p>\n<ul>\n<li class=\"p1\">Pr\u00e4sident: Denis Tejada<\/li>\n<li class=\"p1\">Vizepr\u00e4sidentin: Cindy Portillo-Nisch<\/li>\n<li class=\"p1\">Sekret\u00e4rin: Margarita Ruiz-Bamberg<\/li>\n<li class=\"p1\">Schatzmeisterin: Morena Mercado de Kraft<\/li>\n<li class=\"p1\">Beisitzer 1: Florian Bamberg<\/li>\n<li class=\"p1\">Beisitzer 2: Romeo Guevara<\/li>\n<li class=\"p1\">Beisitzer 3: Javier Portillo<\/li>\n<li class=\"p1\">Kassenpr\u00fcferin: Alejandra Campos Cu\u00e9llar<\/li>\n<\/ul>\n<p>Wenn Sie mehr \u00fcber den Verein erfahren m\u00f6chten, an seinen Aktivit\u00e4ten teilnehmen, unterst\u00fctzen oder Mitglied werden m\u00f6chten, z\u00f6gern Sie nicht, <a href=\"https:\/\/amigos-elsalvador.de\/de\/kontaktiere-uns\/\">uns <span class=\"s2\">zu kontaktieren<\/span><\/a>.[\/vc_column_text][\/vc_column_inner][\/vc_row_inner][\/vc_column][\/vc_row]<\/p>\n<\/div>","protected":false},"excerpt":{"rendered":"<p>[vc_row][vc_column][vc_row_inner][vc_column_inner][vc_column_text] &#8222;Amigos de El Salvador e.V.&#8220; wurde 2019 im S\u00fcden Deutschlands aus der Begeisterung einer&#8230;<\/p>\n<div class=\"noticias-preview-item-footer\"><span class=\"ades-read-more\"><a href=\"https:\/\/amigos-elsalvador.de\/de\/ueber-uns\/\">Mehr erfahren<\/a><\/span><\/div>\n","protected":false},"author":1,"featured_media":0,"parent":0,"menu_order":1,"comment_status":"closed","ping_status":"closed","template":"page-sidebar.php","meta":{"_EventAllDay":false,"_EventTimezone":"","_EventStartDate":"","_EventEndDate":"","_EventStartDateUTC":"","_EventEndDateUTC":"","_EventShowMap":false,"_EventShowMapLink":false,"_EventURL":"","_EventCost":"","_EventCostDescription":"","_EventCurrencySymbol":"","_EventCurrencyCode":"","_EventCurrencyPosition":"","_EventDateTimeSeparator":"","_EventTimeRangeSeparator":"","_EventOrganizerID":[],"_EventVenueID":[],"_OrganizerEmail":"","_OrganizerPhone":"","_OrganizerWebsite":"","_VenueAddress":"","_VenueCity":"","_VenueCountry":"","_VenueProvince":"","_VenueState":"","_VenueZip":"","_VenuePhone":"","_VenueURL":"","_VenueStateProvince":"","_VenueLat":"","_VenueLng":"","_VenueShowMap":false,"_VenueShowMapLink":false,"footnotes":""},"class_list":["post-20","page","type-page","status-publish","hentry"],"yoast_head":"<!-- This site is optimized with the Yoast SEO plugin v26.3 - https:\/\/yoast.com\/wordpress\/plugins\/seo\/ -->\n<title>\u00dcber uns - Amigos de El Salvador<\/title>\n<meta name=\"description\" content=\"Amigos de El Salvador e.V.&quot; wurde 2019 im S\u00fcden Deutschlands aus der Begeisterung einer Gruppe von salvadorianischen und deutschen Freunden geboren, die einen Ort schaffen m\u00f6chten, um die salvadorianische Kultur mit Freunden und Familie in ganz Deutschland zu leben, weiterzugeben und zu teilen.\" \/>\n<meta name=\"robots\" content=\"index, follow, max-snippet:-1, max-image-preview:large, max-video-preview:-1\" \/>\n<link rel=\"canonical\" href=\"https:\/\/amigos-elsalvador.de\/de\/ueber-uns\/\" \/>\n<meta property=\"og:locale\" content=\"de_DE\" \/>\n<meta property=\"og:type\" content=\"article\" \/>\n<meta property=\"og:title\" content=\"\u00dcber uns - Amigos de El Salvador\" \/>\n<meta property=\"og:description\" content=\"Amigos de El Salvador e.V.&quot; wurde 2019 im S\u00fcden Deutschlands aus der Begeisterung einer Gruppe von salvadorianischen und deutschen Freunden geboren, die einen Ort schaffen m\u00f6chten, um die salvadorianische Kultur mit Freunden und Familie in ganz Deutschland zu leben, weiterzugeben und zu teilen.\" \/>\n<meta property=\"og:url\" content=\"https:\/\/amigos-elsalvador.de\/de\/ueber-uns\/\" \/>\n<meta property=\"og:site_name\" content=\"Amigos de El Salvador\" \/>\n<meta property=\"article:publisher\" content=\"https:\/\/www.facebook.com\/AmigosElSalvadoreV\/\" \/>\n<meta property=\"article:modified_time\" content=\"2025-10-02T07:50:28+00:00\" \/>\n<meta name=\"twitter:card\" content=\"summary_large_image\" \/>\n<meta name=\"twitter:label1\" content=\"Gesch\u00e4tzte Lesezeit\" \/>\n\t<meta name=\"twitter:data1\" content=\"1\u00a0Minute\" \/>\n<script type=\"application\/ld+json\" class=\"yoast-schema-graph\">{\"@context\":\"https:\/\/schema.org\",\"@graph\":[{\"@type\":\"WebPage\",\"@id\":\"https:\/\/amigos-elsalvador.de\/de\/ueber-uns\/\",\"url\":\"https:\/\/amigos-elsalvador.de\/de\/ueber-uns\/\",\"name\":\"\u00dcber uns - Amigos de El Salvador\",\"isPartOf\":{\"@id\":\"https:\/\/amigos-elsalvador.de\/de\/#website\"},\"datePublished\":\"2021-12-11T15:17:51+00:00\",\"dateModified\":\"2025-10-02T07:50:28+00:00\",\"description\":\"Amigos de El Salvador e.V.\\\" wurde 2019 im S\u00fcden Deutschlands aus der Begeisterung einer Gruppe von salvadorianischen und deutschen Freunden geboren, die einen Ort schaffen m\u00f6chten, um die salvadorianische Kultur mit Freunden und Familie in ganz Deutschland zu leben, weiterzugeben und zu teilen.\",\"breadcrumb\":{\"@id\":\"https:\/\/amigos-elsalvador.de\/de\/ueber-uns\/#breadcrumb\"},\"inLanguage\":\"de\",\"potentialAction\":[{\"@type\":\"ReadAction\",\"target\":[\"https:\/\/amigos-elsalvador.de\/de\/ueber-uns\/\"]}]},{\"@type\":\"BreadcrumbList\",\"@id\":\"https:\/\/amigos-elsalvador.de\/de\/ueber-uns\/#breadcrumb\",\"itemListElement\":[{\"@type\":\"ListItem\",\"position\":1,\"name\":\"Startseite\",\"item\":\"https:\/\/amigos-elsalvador.de\/de\/\"},{\"@type\":\"ListItem\",\"position\":2,\"name\":\"\u00dcber uns\"}]},{\"@type\":\"WebSite\",\"@id\":\"https:\/\/amigos-elsalvador.de\/de\/#website\",\"url\":\"https:\/\/amigos-elsalvador.de\/de\/\",\"name\":\"Amigos de El Salvador\",\"description\":\"Amigos de El Salvador e.V.\",\"potentialAction\":[{\"@type\":\"SearchAction\",\"target\":{\"@type\":\"EntryPoint\",\"urlTemplate\":\"https:\/\/amigos-elsalvador.de\/de\/?s={search_term_string}\"},\"query-input\":{\"@type\":\"PropertyValueSpecification\",\"valueRequired\":true,\"valueName\":\"search_term_string\"}}],\"inLanguage\":\"de\"}]}<\/script>\n<!-- \/ Yoast SEO plugin. -->","yoast_head_json":{"title":"\u00dcber uns - Amigos de El Salvador","description":"Amigos de El Salvador e.V.\" wurde 2019 im S\u00fcden Deutschlands aus der Begeisterung einer Gruppe von salvadorianischen und deutschen Freunden geboren, die einen Ort schaffen m\u00f6chten, um die salvadorianische Kultur mit Freunden und Familie in ganz Deutschland zu leben, weiterzugeben und zu teilen.","robots":{"index":"index","follow":"follow","max-snippet":"max-snippet:-1","max-image-preview":"max-image-preview:large","max-video-preview":"max-video-preview:-1"},"canonical":"https:\/\/amigos-elsalvador.de\/de\/ueber-uns\/","og_locale":"de_DE","og_type":"article","og_title":"\u00dcber uns - Amigos de El Salvador","og_description":"Amigos de El Salvador e.V.\" wurde 2019 im S\u00fcden Deutschlands aus der Begeisterung einer Gruppe von salvadorianischen und deutschen Freunden geboren, die einen Ort schaffen m\u00f6chten, um die salvadorianische Kultur mit Freunden und Familie in ganz Deutschland zu leben, weiterzugeben und zu teilen.","og_url":"https:\/\/amigos-elsalvador.de\/de\/ueber-uns\/","og_site_name":"Amigos de El Salvador","article_publisher":"https:\/\/www.facebook.com\/AmigosElSalvadoreV\/","article_modified_time":"2025-10-02T07:50:28+00:00","twitter_card":"summary_large_image","twitter_misc":{"Gesch\u00e4tzte Lesezeit":"1\u00a0Minute"},"schema":{"@context":"https:\/\/schema.org","@graph":[{"@type":"WebPage","@id":"https:\/\/amigos-elsalvador.de\/de\/ueber-uns\/","url":"https:\/\/amigos-elsalvador.de\/de\/ueber-uns\/","name":"\u00dcber uns - Amigos de El Salvador","isPartOf":{"@id":"https:\/\/amigos-elsalvador.de\/de\/#website"},"datePublished":"2021-12-11T15:17:51+00:00","dateModified":"2025-10-02T07:50:28+00:00","description":"Amigos de El Salvador e.V.\" wurde 2019 im S\u00fcden Deutschlands aus der Begeisterung einer Gruppe von salvadorianischen und deutschen Freunden geboren, die einen Ort schaffen m\u00f6chten, um die salvadorianische Kultur mit Freunden und Familie in ganz Deutschland zu leben, weiterzugeben und zu teilen.","breadcrumb":{"@id":"https:\/\/amigos-elsalvador.de\/de\/ueber-uns\/#breadcrumb"},"inLanguage":"de","potentialAction":[{"@type":"ReadAction","target":["https:\/\/amigos-elsalvador.de\/de\/ueber-uns\/"]}]},{"@type":"BreadcrumbList","@id":"https:\/\/amigos-elsalvador.de\/de\/ueber-uns\/#breadcrumb","itemListElement":[{"@type":"ListItem","position":1,"name":"Startseite","item":"https:\/\/amigos-elsalvador.de\/de\/"},{"@type":"ListItem","position":2,"name":"\u00dcber uns"}]},{"@type":"WebSite","@id":"https:\/\/amigos-elsalvador.de\/de\/#website","url":"https:\/\/amigos-elsalvador.de\/de\/","name":"Amigos de El Salvador","description":"Amigos de El Salvador e.V.","potentialAction":[{"@type":"SearchAction","target":{"@type":"EntryPoint","urlTemplate":"https:\/\/amigos-elsalvador.de\/de\/?s={search_term_string}"},"query-input":{"@type":"PropertyValueSpecification","valueRequired":true,"valueName":"search_term_string"}}],"inLanguage":"de"}]}},"_links":{"self":[{"href":"https:\/\/amigos-elsalvador.de\/de\/wp-json\/wp\/v2\/pages\/20","targetHints":{"allow":["GET"]}}],"collection":[{"href":"https:\/\/amigos-elsalvador.de\/de\/wp-json\/wp\/v2\/pages"}],"about":[{"href":"https:\/\/amigos-elsalvador.de\/de\/wp-json\/wp\/v2\/types\/page"}],"author":[{"embeddable":true,"href":"https:\/\/amigos-elsalvador.de\/de\/wp-json\/wp\/v2\/users\/1"}],"replies":[{"embeddable":true,"href":"https:\/\/amigos-elsalvador.de\/de\/wp-json\/wp\/v2\/comments?post=20"}],"version-history":[{"count":27,"href":"https:\/\/amigos-elsalvador.de\/de\/wp-json\/wp\/v2\/pages\/20\/revisions"}],"predecessor-version":[{"id":1074,"href":"https:\/\/amigos-elsalvador.de\/de\/wp-json\/wp\/v2\/pages\/20\/revisions\/1074"}],"wp:attachment":[{"href":"https:\/\/amigos-elsalvador.de\/de\/wp-json\/wp\/v2\/media?parent=20"}],"curies":[{"name":"wp","href":"https:\/\/api.w.org\/{rel}","templated":true}]}}