{"id":24,"date":"2021-12-11T16:18:40","date_gmt":"2021-12-11T15:18:40","guid":{"rendered":"https:\/\/amigos-elsalvador.de\/?page_id=24"},"modified":"2024-03-25T11:02:03","modified_gmt":"2024-03-25T10:02:03","slug":"mitglieder","status":"publish","type":"page","link":"https:\/\/amigos-elsalvador.de\/de\/mitglieder\/","title":{"rendered":"Mitglieder"},"content":{"rendered":"<div class=\"wpb-content-wrapper\"><p>[vc_row][vc_column][vc_row_inner][vc_column_inner][vc_column_text]<\/p>\n<p class=\"p1\"><span class=\"s1\">Seit 2019 haben sich mehrere in Deutschland ans\u00e4ssige Salvadorianer unserer Vereinigung als Mitglieder angeschlossen. Und du, bist du schon Mitglied?<\/span><\/p>\n<p class=\"p1\">Wenn nicht, aber es gerne werden m\u00f6chtest, um \u00fcber die Aktivit\u00e4ten des Vereins informiert zu werden und aktiv daran teilzunehmen, laden wir dich ein, dich anzumelden. Alles, was du tun musst, ist das Formular auszuf\u00fcllen, das du unten herunterladen kannst, und es per E-Mail an die folgende Adresse zu senden:<\/p>\n<p><a href=\"mailto:info@amigos-elsalvador.de\">info@amigos-elsalvador.de<\/a>.[\/vc_column_text][\/vc_column_inner][\/vc_row_inner][vc_row_inner][vc_column_inner][vc_column_text]<div class=\"download\">\r\n    <a class=\"btn download-link\" href=\"https:\/\/amigos-elsalvador.de\/de\/download\/234\/?tmstv=1775769247\" rel=\"nofollow\">\r\n        <span class=\"save-icon\">\r\n            <svg xmlns=\"http:\/\/www.w3.org\/2000\/svg\" width=\"16\" height=\"16\" fill=\"currentColor\" class=\"bi bi-download\" viewBox=\"0 0 16 16\">\r\n  <path d=\"M.5 9.9a.5.5 0 0 1 .5.5v2.5a1 1 0 0 0 1 1h12a1 1 0 0 0 1-1v-2.5a.5.5 0 0 1 1 0v2.5a2 2 0 0 1-2 2H2a2 2 0 0 1-2-2v-2.5a.5.5 0 0 1 .5-.5z\"\/>\r\n  <path d=\"M7.646 11.854a.5.5 0 0 0 .708 0l3-3a.5.5 0 0 0-.708-.708L8.5 10.293V1.5a.5.5 0 0 0-1 0v8.793L5.354 8.146a.5.5 0 1 0-.708.708l3 3z\"\/>\r\n<\/svg>\r\n        <\/span>\r\n        Beitrittserkl\u00e4rung Amigos de El Salvador e.V.        <span class=\"ades-filesize\">&ndash; 142,16 KB<\/span>\r\n    <\/a>\r\n<\/div>\r\n[\/vc_column_text][\/vc_column_inner][\/vc_row_inner][vc_row_inner][vc_column_inner][vc_column_text]<\/p>\n<p class=\"p1\"><span class=\"s1\">Die Mitgliedschaft kostet j\u00e4hrlich 15 \u20ac (Einzelmitglied) oder 20 \u20ac (Familienmitgliedschaft, pro Familie). Wir freuen uns darauf, dich als Teil unserer Gemeinschaft begr\u00fc\u00dfen zu d\u00fcrfen.<\/span><\/p>\n<p>[\/vc_column_text][vc_column_text]<span class=\"s1\">Ob du Mitglied bist oder nicht, wenn du den Verein in seinen Aktivit\u00e4ten unterst\u00fctzen m\u00f6chtest, kannst du dies auch durch Spenden tun. Die Bankdaten und PayPal-Informationen findest du im Spendenbereich.<\/span>[\/vc_column_text][\/vc_column_inner][\/vc_row_inner][\/vc_column][\/vc_row]<\/p>\n<\/div>","protected":false},"excerpt":{"rendered":"<p>[vc_row][vc_column][vc_row_inner][vc_column_inner][vc_column_text] Seit 2019 haben sich mehrere in Deutschland ans\u00e4ssige Salvadorianer unserer Vereinigung als Mitglieder angeschlossen&#8230;.<\/p>\n<div class=\"noticias-preview-item-footer\"><span class=\"ades-read-more\"><a href=\"https:\/\/amigos-elsalvador.de\/de\/mitglieder\/\">Mehr erfahren<\/a><\/span><\/div>\n","protected":false},"author":1,"featured_media":0,"parent":0,"menu_order":3,"comment_status":"closed","ping_status":"closed","template":"","meta":{"_EventAllDay":false,"_EventTimezone":"","_EventStartDate":"","_EventEndDate":"","_EventStartDateUTC":"","_EventEndDateUTC":"","_EventShowMap":false,"_EventShowMapLink":false,"_EventURL":"","_EventCost":"","_EventCostDescription":"","_EventCurrencySymbol":"","_EventCurrencyCode":"","_EventCurrencyPosition":"","_EventDateTimeSeparator":"","_EventTimeRangeSeparator":"","_EventOrganizerID":[],"_EventVenueID":[],"_OrganizerEmail":"","_OrganizerPhone":"","_OrganizerWebsite":"","_VenueAddress":"","_VenueCity":"","_VenueCountry":"","_VenueProvince":"","_VenueState":"","_VenueZip":"","_VenuePhone":"","_VenueURL":"","_VenueStateProvince":"","_VenueLat":"","_VenueLng":"","_VenueShowMap":false,"_VenueShowMapLink":false,"footnotes":""},"class_list":["post-24","page","type-page","status-publish","hentry"],"yoast_head":"<!-- This site is optimized with the Yoast SEO plugin v26.3 - https:\/\/yoast.com\/wordpress\/plugins\/seo\/ -->\n<title>Mitglieder - Amigos de El Salvador<\/title>\n<meta name=\"robots\" content=\"index, follow, max-snippet:-1, max-image-preview:large, max-video-preview:-1\" \/>\n<link rel=\"canonical\" href=\"https:\/\/amigos-elsalvador.de\/de\/mitglieder\/\" \/>\n<meta property=\"og:locale\" content=\"de_DE\" \/>\n<meta property=\"og:type\" content=\"article\" \/>\n<meta property=\"og:title\" content=\"Mitglieder - Amigos de El Salvador\" \/>\n<meta property=\"og:description\" content=\"[vc_row][vc_column][vc_row_inner][vc_column_inner][vc_column_text] Seit 2019 haben sich mehrere in Deutschland ans\u00e4ssige Salvadorianer unserer Vereinigung als Mitglieder angeschlossen....Mehr erfahren\" \/>\n<meta property=\"og:url\" content=\"https:\/\/amigos-elsalvador.de\/de\/mitglieder\/\" \/>\n<meta property=\"og:site_name\" content=\"Amigos de El Salvador\" \/>\n<meta property=\"article:publisher\" content=\"https:\/\/www.facebook.com\/AmigosElSalvadoreV\/\" \/>\n<meta property=\"article:modified_time\" content=\"2024-03-25T10:02:03+00:00\" \/>\n<meta name=\"twitter:card\" content=\"summary_large_image\" \/>\n<meta name=\"twitter:label1\" content=\"Gesch\u00e4tzte Lesezeit\" \/>\n\t<meta name=\"twitter:data1\" content=\"1\u00a0Minute\" \/>\n<script type=\"application\/ld+json\" class=\"yoast-schema-graph\">{\"@context\":\"https:\/\/schema.org\",\"@graph\":[{\"@type\":\"WebPage\",\"@id\":\"https:\/\/amigos-elsalvador.de\/de\/mitglieder\/\",\"url\":\"https:\/\/amigos-elsalvador.de\/de\/mitglieder\/\",\"name\":\"Mitglieder - Amigos de El Salvador\",\"isPartOf\":{\"@id\":\"https:\/\/amigos-elsalvador.de\/de\/#website\"},\"datePublished\":\"2021-12-11T15:18:40+00:00\",\"dateModified\":\"2024-03-25T10:02:03+00:00\",\"breadcrumb\":{\"@id\":\"https:\/\/amigos-elsalvador.de\/de\/mitglieder\/#breadcrumb\"},\"inLanguage\":\"de\",\"potentialAction\":[{\"@type\":\"ReadAction\",\"target\":[\"https:\/\/amigos-elsalvador.de\/de\/mitglieder\/\"]}]},{\"@type\":\"BreadcrumbList\",\"@id\":\"https:\/\/amigos-elsalvador.de\/de\/mitglieder\/#breadcrumb\",\"itemListElement\":[{\"@type\":\"ListItem\",\"position\":1,\"name\":\"Startseite\",\"item\":\"https:\/\/amigos-elsalvador.de\/de\/\"},{\"@type\":\"ListItem\",\"position\":2,\"name\":\"Mitglieder\"}]},{\"@type\":\"WebSite\",\"@id\":\"https:\/\/amigos-elsalvador.de\/de\/#website\",\"url\":\"https:\/\/amigos-elsalvador.de\/de\/\",\"name\":\"Amigos de El Salvador\",\"description\":\"Amigos de El Salvador e.V.\",\"potentialAction\":[{\"@type\":\"SearchAction\",\"target\":{\"@type\":\"EntryPoint\",\"urlTemplate\":\"https:\/\/amigos-elsalvador.de\/de\/?s={search_term_string}\"},\"query-input\":{\"@type\":\"PropertyValueSpecification\",\"valueRequired\":true,\"valueName\":\"search_term_string\"}}],\"inLanguage\":\"de\"}]}<\/script>\n<!-- \/ Yoast SEO plugin. -->","yoast_head_json":{"title":"Mitglieder - Amigos de El Salvador","robots":{"index":"index","follow":"follow","max-snippet":"max-snippet:-1","max-image-preview":"max-image-preview:large","max-video-preview":"max-video-preview:-1"},"canonical":"https:\/\/amigos-elsalvador.de\/de\/mitglieder\/","og_locale":"de_DE","og_type":"article","og_title":"Mitglieder - Amigos de El Salvador","og_description":"[vc_row][vc_column][vc_row_inner][vc_column_inner][vc_column_text] Seit 2019 haben sich mehrere in Deutschland ans\u00e4ssige Salvadorianer unserer Vereinigung als Mitglieder angeschlossen....Mehr erfahren","og_url":"https:\/\/amigos-elsalvador.de\/de\/mitglieder\/","og_site_name":"Amigos de El Salvador","article_publisher":"https:\/\/www.facebook.com\/AmigosElSalvadoreV\/","article_modified_time":"2024-03-25T10:02:03+00:00","twitter_card":"summary_large_image","twitter_misc":{"Gesch\u00e4tzte Lesezeit":"1\u00a0Minute"},"schema":{"@context":"https:\/\/schema.org","@graph":[{"@type":"WebPage","@id":"https:\/\/amigos-elsalvador.de\/de\/mitglieder\/","url":"https:\/\/amigos-elsalvador.de\/de\/mitglieder\/","name":"Mitglieder - Amigos de El Salvador","isPartOf":{"@id":"https:\/\/amigos-elsalvador.de\/de\/#website"},"datePublished":"2021-12-11T15:18:40+00:00","dateModified":"2024-03-25T10:02:03+00:00","breadcrumb":{"@id":"https:\/\/amigos-elsalvador.de\/de\/mitglieder\/#breadcrumb"},"inLanguage":"de","potentialAction":[{"@type":"ReadAction","target":["https:\/\/amigos-elsalvador.de\/de\/mitglieder\/"]}]},{"@type":"BreadcrumbList","@id":"https:\/\/amigos-elsalvador.de\/de\/mitglieder\/#breadcrumb","itemListElement":[{"@type":"ListItem","position":1,"name":"Startseite","item":"https:\/\/amigos-elsalvador.de\/de\/"},{"@type":"ListItem","position":2,"name":"Mitglieder"}]},{"@type":"WebSite","@id":"https:\/\/amigos-elsalvador.de\/de\/#website","url":"https:\/\/amigos-elsalvador.de\/de\/","name":"Amigos de El Salvador","description":"Amigos de El Salvador e.V.","potentialAction":[{"@type":"SearchAction","target":{"@type":"EntryPoint","urlTemplate":"https:\/\/amigos-elsalvador.de\/de\/?s={search_term_string}"},"query-input":{"@type":"PropertyValueSpecification","valueRequired":true,"valueName":"search_term_string"}}],"inLanguage":"de"}]}},"_links":{"self":[{"href":"https:\/\/amigos-elsalvador.de\/de\/wp-json\/wp\/v2\/pages\/24","targetHints":{"allow":["GET"]}}],"collection":[{"href":"https:\/\/amigos-elsalvador.de\/de\/wp-json\/wp\/v2\/pages"}],"about":[{"href":"https:\/\/amigos-elsalvador.de\/de\/wp-json\/wp\/v2\/types\/page"}],"author":[{"embeddable":true,"href":"https:\/\/amigos-elsalvador.de\/de\/wp-json\/wp\/v2\/users\/1"}],"replies":[{"embeddable":true,"href":"https:\/\/amigos-elsalvador.de\/de\/wp-json\/wp\/v2\/comments?post=24"}],"version-history":[{"count":26,"href":"https:\/\/amigos-elsalvador.de\/de\/wp-json\/wp\/v2\/pages\/24\/revisions"}],"predecessor-version":[{"id":846,"href":"https:\/\/amigos-elsalvador.de\/de\/wp-json\/wp\/v2\/pages\/24\/revisions\/846"}],"wp:attachment":[{"href":"https:\/\/amigos-elsalvador.de\/de\/wp-json\/wp\/v2\/media?parent=24"}],"curies":[{"name":"wp","href":"https:\/\/api.w.org\/{rel}","templated":true}]}}