{"id":29,"date":"2021-12-11T16:58:33","date_gmt":"2021-12-11T15:58:33","guid":{"rendered":"https:\/\/amigos-elsalvador.de\/?page_id=29"},"modified":"2024-03-25T11:02:44","modified_gmt":"2024-03-25T10:02:44","slug":"kontaktiere-uns","status":"publish","type":"page","link":"https:\/\/amigos-elsalvador.de\/de\/kontaktiere-uns\/","title":{"rendered":"Kontaktiere uns"},"content":{"rendered":"<div class=\"wpb-content-wrapper\"><p>[vc_row][vc_column][vc_row_inner][vc_column_inner][vc_column_text]<\/p>\n<p class=\"p1\"><b>Es w\u00fcrde uns sehr freuen, von dir zu h\u00f6ren!<\/b><\/p>\n<p class=\"p1\">Hast du neue Ideen f\u00fcr unsere Aktivit\u00e4ten, m\u00f6chtest du Teil unseres Vereins werden oder einfach nur deinen Beitrag leisten? Z\u00f6gere nicht, uns zu kontaktieren. Du kannst uns eine E-Mail schreiben an:<span class=\"Apple-converted-space\">\u00a0<\/span><\/p>\n<p><a href=\"mailto:info@amigos-elsalvador.de\">info@amigos-elsalvador.de<\/a>.[\/vc_column_text][vc_column_text]<\/p>\n<p class=\"p1\">&#8230; oder das folgende Formular ausf\u00fcllen:<\/p>\n<p>[\/vc_column_text][vc_column_text][\/vc_column_text][vc_column_text]\n<div class=\"wpcf7 no-js\" id=\"wpcf7-f16-o1\" lang=\"de-DE\" dir=\"ltr\" data-wpcf7-id=\"16\">\n<div class=\"screen-reader-response\"><p role=\"status\" aria-live=\"polite\" aria-atomic=\"true\"><\/p> <ul><\/ul><\/div>\n<form action=\"\/de\/wp-json\/wp\/v2\/pages\/29#wpcf7-f16-o1\" method=\"post\" class=\"wpcf7-form init\" aria-label=\"Kontaktformular\" novalidate=\"novalidate\" data-status=\"init\">\n<fieldset class=\"hidden-fields-container\"><input type=\"hidden\" name=\"_wpcf7\" value=\"16\" \/><input type=\"hidden\" name=\"_wpcf7_version\" value=\"6.1.3\" \/><input type=\"hidden\" name=\"_wpcf7_locale\" value=\"de_DE\" \/><input type=\"hidden\" name=\"_wpcf7_unit_tag\" value=\"wpcf7-f16-o1\" \/><input type=\"hidden\" name=\"_wpcf7_container_post\" value=\"0\" \/><input type=\"hidden\" name=\"_wpcf7_posted_data_hash\" value=\"\" \/>\n<\/fieldset>\n<p><label class=\"form-label\">Vorname<\/label><br \/>\n<span class=\"wpcf7-form-control-wrap\" data-name=\"firstname\"><input size=\"40\" maxlength=\"400\" class=\"wpcf7-form-control wpcf7-text wpcf7-validates-as-required form-control\" aria-required=\"true\" aria-invalid=\"false\" value=\"\" type=\"text\" name=\"firstname\" \/><\/span>\n<\/p>\n<p><label class=\"form-label\"> Name<\/label><br \/>\n<span class=\"wpcf7-form-control-wrap\" data-name=\"your-name\"><input size=\"40\" maxlength=\"400\" class=\"wpcf7-form-control wpcf7-text wpcf7-validates-as-required form-control\" aria-required=\"true\" aria-invalid=\"false\" value=\"\" type=\"text\" name=\"your-name\" \/><\/span>\n<\/p>\n<p><label class=\"form-label\"> E-Mailadresse<\/label><br \/>\n<span class=\"wpcf7-form-control-wrap\" data-name=\"email\"><input size=\"40\" maxlength=\"400\" class=\"wpcf7-form-control wpcf7-email wpcf7-validates-as-required wpcf7-text wpcf7-validates-as-email form-control\" aria-required=\"true\" aria-invalid=\"false\" value=\"\" type=\"email\" name=\"email\" \/><\/span>\n<\/p>\n<p><label class=\"form-label\"> Deine Nachricht<\/label><br \/>\n<span class=\"wpcf7-form-control-wrap\" data-name=\"your-message\"><textarea cols=\"40\" rows=\"10\" maxlength=\"2000\" class=\"wpcf7-form-control wpcf7-textarea form-control\" aria-invalid=\"false\" name=\"your-message\"><\/textarea><\/span>\n<\/p>\n<p><input class=\"wpcf7-form-control wpcf7-submit has-spinner\" type=\"submit\" value=\"Senden\" \/>\n<\/p><div class=\"wpcf7-response-output\" aria-hidden=\"true\"><\/div>\n<\/form>\n<\/div>\n[\/vc_column_text][vc_column_text]<\/p>\n<p class=\"p1\">Wir laden dich ein, uns auch in den sozialen Medien zu folgen:<\/p>\n<p>[\/vc_column_text][vc_btn title=&#8220;Amigos de El Salvador e.V.&#8220; i_icon_fontawesome=&#8220;fab fa-facebook&#8220; add_icon=&#8220;true&#8220; link=&#8220;url:https%3A%2F%2Fwww.facebook.com%2FAmigosElSalvadoreV%2F|target:_blank&#8220;][\/vc_column_inner][\/vc_row_inner][\/vc_column][\/vc_row]<\/p>\n<\/div>","protected":false},"excerpt":{"rendered":"<p>[vc_row][vc_column][vc_row_inner][vc_column_inner][vc_column_text] Es w\u00fcrde uns sehr freuen, von dir zu h\u00f6ren! Hast du neue Ideen f\u00fcr&#8230;<\/p>\n<div class=\"noticias-preview-item-footer\"><span class=\"ades-read-more\"><a href=\"https:\/\/amigos-elsalvador.de\/de\/kontaktiere-uns\/\">Mehr erfahren<\/a><\/span><\/div>\n","protected":false},"author":1,"featured_media":0,"parent":0,"menu_order":5,"comment_status":"closed","ping_status":"closed","template":"","meta":{"_EventAllDay":false,"_EventTimezone":"","_EventStartDate":"","_EventEndDate":"","_EventStartDateUTC":"","_EventEndDateUTC":"","_EventShowMap":false,"_EventShowMapLink":false,"_EventURL":"","_EventCost":"","_EventCostDescription":"","_EventCurrencySymbol":"","_EventCurrencyCode":"","_EventCurrencyPosition":"","_EventDateTimeSeparator":"","_EventTimeRangeSeparator":"","_EventOrganizerID":[],"_EventVenueID":[],"_OrganizerEmail":"","_OrganizerPhone":"","_OrganizerWebsite":"","_VenueAddress":"","_VenueCity":"","_VenueCountry":"","_VenueProvince":"","_VenueState":"","_VenueZip":"","_VenuePhone":"","_VenueURL":"","_VenueStateProvince":"","_VenueLat":"","_VenueLng":"","_VenueShowMap":false,"_VenueShowMapLink":false,"footnotes":""},"class_list":["post-29","page","type-page","status-publish","hentry"],"yoast_head":"<!-- This site is optimized with the Yoast SEO plugin v26.3 - https:\/\/yoast.com\/wordpress\/plugins\/seo\/ -->\n<title>Kontaktiere uns - Amigos de El Salvador<\/title>\n<meta name=\"robots\" content=\"index, follow, max-snippet:-1, max-image-preview:large, max-video-preview:-1\" \/>\n<link rel=\"canonical\" href=\"https:\/\/amigos-elsalvador.de\/de\/kontaktiere-uns\/\" \/>\n<meta property=\"og:locale\" content=\"de_DE\" \/>\n<meta property=\"og:type\" content=\"article\" \/>\n<meta property=\"og:title\" content=\"Kontaktiere uns - Amigos de El Salvador\" \/>\n<meta property=\"og:description\" content=\"[vc_row][vc_column][vc_row_inner][vc_column_inner][vc_column_text] Es w\u00fcrde uns sehr freuen, von dir zu h\u00f6ren! Hast du neue Ideen f\u00fcr...Mehr erfahren\" \/>\n<meta property=\"og:url\" content=\"https:\/\/amigos-elsalvador.de\/de\/kontaktiere-uns\/\" \/>\n<meta property=\"og:site_name\" content=\"Amigos de El Salvador\" \/>\n<meta property=\"article:publisher\" content=\"https:\/\/www.facebook.com\/AmigosElSalvadoreV\/\" \/>\n<meta property=\"article:modified_time\" content=\"2024-03-25T10:02:44+00:00\" \/>\n<meta name=\"twitter:card\" content=\"summary_large_image\" \/>\n<meta name=\"twitter:label1\" content=\"Gesch\u00e4tzte Lesezeit\" \/>\n\t<meta name=\"twitter:data1\" content=\"1\u00a0Minute\" \/>\n<script type=\"application\/ld+json\" class=\"yoast-schema-graph\">{\"@context\":\"https:\/\/schema.org\",\"@graph\":[{\"@type\":\"WebPage\",\"@id\":\"https:\/\/amigos-elsalvador.de\/de\/kontaktiere-uns\/\",\"url\":\"https:\/\/amigos-elsalvador.de\/de\/kontaktiere-uns\/\",\"name\":\"Kontaktiere uns - Amigos de El Salvador\",\"isPartOf\":{\"@id\":\"https:\/\/amigos-elsalvador.de\/de\/#website\"},\"datePublished\":\"2021-12-11T15:58:33+00:00\",\"dateModified\":\"2024-03-25T10:02:44+00:00\",\"breadcrumb\":{\"@id\":\"https:\/\/amigos-elsalvador.de\/de\/kontaktiere-uns\/#breadcrumb\"},\"inLanguage\":\"de\",\"potentialAction\":[{\"@type\":\"ReadAction\",\"target\":[\"https:\/\/amigos-elsalvador.de\/de\/kontaktiere-uns\/\"]}]},{\"@type\":\"BreadcrumbList\",\"@id\":\"https:\/\/amigos-elsalvador.de\/de\/kontaktiere-uns\/#breadcrumb\",\"itemListElement\":[{\"@type\":\"ListItem\",\"position\":1,\"name\":\"Startseite\",\"item\":\"https:\/\/amigos-elsalvador.de\/de\/\"},{\"@type\":\"ListItem\",\"position\":2,\"name\":\"Kontaktiere uns\"}]},{\"@type\":\"WebSite\",\"@id\":\"https:\/\/amigos-elsalvador.de\/de\/#website\",\"url\":\"https:\/\/amigos-elsalvador.de\/de\/\",\"name\":\"Amigos de El Salvador\",\"description\":\"Amigos de El Salvador e.V.\",\"potentialAction\":[{\"@type\":\"SearchAction\",\"target\":{\"@type\":\"EntryPoint\",\"urlTemplate\":\"https:\/\/amigos-elsalvador.de\/de\/?s={search_term_string}\"},\"query-input\":{\"@type\":\"PropertyValueSpecification\",\"valueRequired\":true,\"valueName\":\"search_term_string\"}}],\"inLanguage\":\"de\"}]}<\/script>\n<!-- \/ Yoast SEO plugin. -->","yoast_head_json":{"title":"Kontaktiere uns - Amigos de El Salvador","robots":{"index":"index","follow":"follow","max-snippet":"max-snippet:-1","max-image-preview":"max-image-preview:large","max-video-preview":"max-video-preview:-1"},"canonical":"https:\/\/amigos-elsalvador.de\/de\/kontaktiere-uns\/","og_locale":"de_DE","og_type":"article","og_title":"Kontaktiere uns - Amigos de El Salvador","og_description":"[vc_row][vc_column][vc_row_inner][vc_column_inner][vc_column_text] Es w\u00fcrde uns sehr freuen, von dir zu h\u00f6ren! Hast du neue Ideen f\u00fcr...Mehr erfahren","og_url":"https:\/\/amigos-elsalvador.de\/de\/kontaktiere-uns\/","og_site_name":"Amigos de El Salvador","article_publisher":"https:\/\/www.facebook.com\/AmigosElSalvadoreV\/","article_modified_time":"2024-03-25T10:02:44+00:00","twitter_card":"summary_large_image","twitter_misc":{"Gesch\u00e4tzte Lesezeit":"1\u00a0Minute"},"schema":{"@context":"https:\/\/schema.org","@graph":[{"@type":"WebPage","@id":"https:\/\/amigos-elsalvador.de\/de\/kontaktiere-uns\/","url":"https:\/\/amigos-elsalvador.de\/de\/kontaktiere-uns\/","name":"Kontaktiere uns - Amigos de El Salvador","isPartOf":{"@id":"https:\/\/amigos-elsalvador.de\/de\/#website"},"datePublished":"2021-12-11T15:58:33+00:00","dateModified":"2024-03-25T10:02:44+00:00","breadcrumb":{"@id":"https:\/\/amigos-elsalvador.de\/de\/kontaktiere-uns\/#breadcrumb"},"inLanguage":"de","potentialAction":[{"@type":"ReadAction","target":["https:\/\/amigos-elsalvador.de\/de\/kontaktiere-uns\/"]}]},{"@type":"BreadcrumbList","@id":"https:\/\/amigos-elsalvador.de\/de\/kontaktiere-uns\/#breadcrumb","itemListElement":[{"@type":"ListItem","position":1,"name":"Startseite","item":"https:\/\/amigos-elsalvador.de\/de\/"},{"@type":"ListItem","position":2,"name":"Kontaktiere uns"}]},{"@type":"WebSite","@id":"https:\/\/amigos-elsalvador.de\/de\/#website","url":"https:\/\/amigos-elsalvador.de\/de\/","name":"Amigos de El Salvador","description":"Amigos de El Salvador e.V.","potentialAction":[{"@type":"SearchAction","target":{"@type":"EntryPoint","urlTemplate":"https:\/\/amigos-elsalvador.de\/de\/?s={search_term_string}"},"query-input":{"@type":"PropertyValueSpecification","valueRequired":true,"valueName":"search_term_string"}}],"inLanguage":"de"}]}},"_links":{"self":[{"href":"https:\/\/amigos-elsalvador.de\/de\/wp-json\/wp\/v2\/pages\/29","targetHints":{"allow":["GET"]}}],"collection":[{"href":"https:\/\/amigos-elsalvador.de\/de\/wp-json\/wp\/v2\/pages"}],"about":[{"href":"https:\/\/amigos-elsalvador.de\/de\/wp-json\/wp\/v2\/types\/page"}],"author":[{"embeddable":true,"href":"https:\/\/amigos-elsalvador.de\/de\/wp-json\/wp\/v2\/users\/1"}],"replies":[{"embeddable":true,"href":"https:\/\/amigos-elsalvador.de\/de\/wp-json\/wp\/v2\/comments?post=29"}],"version-history":[{"count":22,"href":"https:\/\/amigos-elsalvador.de\/de\/wp-json\/wp\/v2\/pages\/29\/revisions"}],"predecessor-version":[{"id":848,"href":"https:\/\/amigos-elsalvador.de\/de\/wp-json\/wp\/v2\/pages\/29\/revisions\/848"}],"wp:attachment":[{"href":"https:\/\/amigos-elsalvador.de\/de\/wp-json\/wp\/v2\/media?parent=29"}],"curies":[{"name":"wp","href":"https:\/\/api.w.org\/{rel}","templated":true}]}}