{"id":786,"date":"2021-12-11T12:02:45","date_gmt":"2021-12-11T11:02:45","guid":{"rendered":"https:\/\/amigos.auskas.de\/inicio\/"},"modified":"2025-11-13T13:06:35","modified_gmt":"2025-11-13T12:06:35","slug":"inicio","status":"publish","type":"page","link":"https:\/\/amigos-elsalvador.de\/es\/","title":{"rendered":"Inicio"},"content":{"rendered":"<div class=\"wpb-content-wrapper\"><p>[vc_row el_class=\u00bbfrontpage-preview-section\u00bb][vc_column]<\/p>\n<div><\/div>\n<p>[\/vc_column][\/vc_row][vc_row equal_height=\u00bbyes\u00bb content_placement=\u00bbmiddle\u00bb el_class=\u00bbfrontpage-preview-section\u00bb el_id=\u00bbsobre-nosotros\u00bb][vc_column width=\u00bb1\/2&#8243;][vc_single_image image=\u00bb693&#8243; img_size=\u00bbfull\u00bb alignment=\u00bbcenter\u00bb css_animation=\u00bbnone\u00bb][\/vc_column][vc_column width=\u00bb1\/2&#8243;][vc_column_text]<\/p>\n<h2 style=\"text-align: center;\">Amigos de El Salvador e.V.<\/h2>\n<p style=\"text-align: center;\">&#8230; ist ein gemeinn\u00fctziger Verein, der die salvadorianische Kultur in Deutschland lebt, vermittelt und teilt. Erfahren Sie mehr \u00fcber uns!<\/p>\n<p style=\"text-align: center;\"><a href=\"https:\/\/amigos-elsalvador.de\/de\/ueber-uns\/\">Mehr erfahren<\/a><\/p>\n<p>[\/vc_column_text][\/vc_column][\/vc_row][vc_row el_class=\u00bbfrontpage-preview-section frontpage-cards\u00bb el_id=\u00bbactividades\u00bb][vc_column][vc_column_text]<\/p>\n<h2>Nuestras Actividades\u2026<\/h2>\n<p>\u2026se resumen en 3 ejes fundamentales, los cuales est\u00e1n basados en nuestros principales objetivos:[\/vc_column_text][vc_row_inner][vc_column_inner width=\u00bb1\/3&#8243;][vc_column_text]<\/p>\n<h3>Cultura<\/h3>\n<p>[\/vc_column_text][vc_single_image image=\u00bb687&#8243; img_size=\u00bbfull\u00bb css_animation=\u00bbfadeIn\u00bb][vc_column_text]<\/p>\n<p style=\"text-align: center;\"><a href=\"https:\/\/amigos-elsalvador.de\/es\/actividades\/cultura\/\">Leer m\u00e1s<\/a><\/p>\n<p>[\/vc_column_text][\/vc_column_inner][vc_column_inner width=\u00bb1\/3&#8243;][vc_column_text]<\/p>\n<h3>Enlace<\/h3>\n<p>[\/vc_column_text][vc_single_image image=\u00bb688&#8243; img_size=\u00bbfull\u00bb css_animation=\u00bbfadeIn\u00bb][vc_column_text]<\/p>\n<p style=\"text-align: center;\"><a href=\"https:\/\/amigos-elsalvador.de\/es\/actividades\/enlace\/\">Leer m\u00e1s<\/a><\/p>\n<p>[\/vc_column_text][\/vc_column_inner][vc_column_inner width=\u00bb1\/3&#8243;][vc_column_text]<\/p>\n<div class=\"wpb_text_column wpb_content_element \">\n<div class=\"wpb_wrapper\">\n<h3>Solidaridad<\/h3>\n<\/div>\n<p><\/div>\n<p>[\/vc_column_text][vc_single_image image=\u00bb689&#8243; img_size=\u00bbfull\u00bb css_animation=\u00bbfadeIn\u00bb][vc_column_text]<\/p>\n<p style=\"text-align: center;\"><a href=\"https:\/\/amigos-elsavador.de\/de\/aktivitaten\/solidaritaet\/\">Mehr erfahren<\/a><\/p>\n<p>[\/vc_column_text][\/vc_column_inner][\/vc_row_inner][\/vc_column][\/vc_row][vc_row equal_height=\u00bbyes\u00bb content_placement=\u00bbmiddle\u00bb el_class=\u00bbfrontpage-preview-section swap-on-mobile\u00bb el_id=\u00bbmiembros\u00bb][vc_column width=\u00bb1\/2&#8243;][vc_column_text]<\/p>\n<h2 style=\"text-align: center;\">S\u00e9 parte de nosotros<\/h2>\n<p><\/p>\n<p style=\"text-align: center;\">Convi\u00e9rtete en miembro y mantengamos vivas nuestras ra\u00edces, a\u00fan estando lejos.<br \/>\n\u00a1Aqu\u00ed te contamos c\u00f3mo hacerlo!<\/p>\n<p><\/p>\n<p style=\"text-align: center;\"><a href=\"https:\/\/amigos-elsalvador.de\/es\/miembros\/\">Leer m\u00e1s<\/a><\/p>\n<p>[\/vc_column_text][\/vc_column][vc_column width=\u00bb1\/2&#8243;][vc_single_image image=\u00bb692&#8243; img_size=\u00bbfull\u00bb alignment=\u00bbcenter\u00bb css_animation=\u00bbfadeIn\u00bb][\/vc_column][\/vc_row][vc_row equal_height=\u00bbyes\u00bb content_placement=\u00bbmiddle\u00bb el_class=\u00bbfrontpage-preview-section\u00bb el_id=\u00bbdonacion\u00bb][vc_column width=\u00bb1\/2&#8243;][vc_single_image image=\u00bb690&#8243; img_size=\u00bbfull\u00bb alignment=\u00bbcenter\u00bb css_animation=\u00bbfadeIn\u00bb][\/vc_column][vc_column width=\u00bb1\/2&#8243;][vc_column_text]<\/p>\n<h2 style=\"text-align: center;\">\u00bfQuieres aportar?<\/h2>\n<p><\/p>\n<p style=\"text-align: center;\">Puedes hacerlo tambi\u00e9n donando.<br \/>\nEnt\u00e9rate de las distintas maneras de hacerlo.<br \/>\nTu aporte es muy valioso.<\/p>\n<p><\/p>\n<p style=\"text-align: center;\"><a href=\"https:\/\/amigos-elsalvador.de\/es\/donacion\/\">Leer m\u00e1s<\/a><\/p>\n<p>[\/vc_column_text][\/vc_column][\/vc_row][vc_row content_placement=\u00bbmiddle\u00bb el_class=\u00bbfrontpage-preview-section frontpage-preview-section-contact\u00bb el_id=\u00bbcontactanos\u00bb css=\u00bb.vc_custom_1646763314069{background-image: url(https:\/\/amigos-elsalvador.de\/wp-content\/uploads\/2022\/02\/Telefon.png?id=269) !important;background-position: center !important;background-repeat: no-repeat !important;background-size: contain !important;}\u00bb][vc_column][vc_column_text]<\/p>\n<h2 style=\"text-align: center;\">Cont\u00e1ctanos<\/h2>\n<p><\/p>\n<p style=\"text-align: center;\"><a href=\"https:\/\/amigos-elsalvador.de\/es\/contactanos\/\">Aqu\u00ed<\/a><\/p>\n<p>[\/vc_column_text][\/vc_column][\/vc_row]<\/p>\n<\/div>","protected":false},"excerpt":{"rendered":"<p>[vc_row el_class=\u00bbfrontpage-preview-section\u00bb][vc_column] [\/vc_column][\/vc_row][vc_row equal_height=\u00bbyes\u00bb content_placement=\u00bbmiddle\u00bb el_class=\u00bbfrontpage-preview-section\u00bb el_id=\u00bbsobre-nosotros\u00bb][vc_column width=\u00bb1\/2&#8243;][vc_single_image image=\u00bb693&#8243; img_size=\u00bbfull\u00bb alignment=\u00bbcenter\u00bb css_animation=\u00bbnone\u00bb][\/vc_column][vc_column width=\u00bb1\/2&#8243;][vc_column_text] Amigos de&#8230;<\/p>\n<div class=\"noticias-preview-item-footer\"><span class=\"ades-read-more\"><a href=\"https:\/\/amigos-elsalvador.de\/es\/\">Leer m\u00e1s<\/a><\/span><\/div>\n","protected":false},"author":1,"featured_media":0,"parent":0,"menu_order":0,"comment_status":"closed","ping_status":"closed","template":"","meta":{"_EventAllDay":false,"_EventTimezone":"","_EventStartDate":"","_EventEndDate":"","_EventStartDateUTC":"","_EventEndDateUTC":"","_EventShowMap":false,"_EventShowMapLink":false,"_EventURL":"","_EventCost":"","_EventCostDescription":"","_EventCurrencySymbol":"","_EventCurrencyCode":"","_EventCurrencyPosition":"","_EventDateTimeSeparator":"","_EventTimeRangeSeparator":"","_EventOrganizerID":[],"_EventVenueID":[],"_OrganizerEmail":"","_OrganizerPhone":"","_OrganizerWebsite":"","_VenueAddress":"","_VenueCity":"","_VenueCountry":"","_VenueProvince":"","_VenueState":"","_VenueZip":"","_VenuePhone":"","_VenueURL":"","_VenueStateProvince":"","_VenueLat":"","_VenueLng":"","_VenueShowMap":false,"_VenueShowMapLink":false,"footnotes":""},"class_list":["post-786","page","type-page","status-publish","hentry"],"yoast_head":"<!-- This site is optimized with the Yoast SEO plugin v26.3 - https:\/\/yoast.com\/wordpress\/plugins\/seo\/ -->\n<title>Inicio - Amigos de El Salvador<\/title>\n<meta name=\"robots\" content=\"index, follow, max-snippet:-1, max-image-preview:large, max-video-preview:-1\" \/>\n<link rel=\"canonical\" href=\"https:\/\/amigos-elsalvador.de\/es\/\" \/>\n<meta property=\"og:locale\" content=\"es_ES\" \/>\n<meta property=\"og:type\" content=\"article\" \/>\n<meta property=\"og:title\" content=\"Inicio - Amigos de El Salvador\" \/>\n<meta property=\"og:description\" content=\"[vc_row el_class=\u00bbfrontpage-preview-section\u00bb][vc_column] [\/vc_column][\/vc_row][vc_row equal_height=\u00bbyes\u00bb content_placement=\u00bbmiddle\u00bb el_class=\u00bbfrontpage-preview-section\u00bb el_id=\u00bbsobre-nosotros\u00bb][vc_column width=\u00bb1\/2&#8243;][vc_single_image image=\u00bb693&#8243; img_size=\u00bbfull\u00bb alignment=\u00bbcenter\u00bb css_animation=\u00bbnone\u00bb][\/vc_column][vc_column width=\u00bb1\/2&#8243;][vc_column_text] Amigos de...Leer m\u00e1s\" \/>\n<meta property=\"og:url\" content=\"https:\/\/amigos-elsalvador.de\/es\/\" \/>\n<meta property=\"og:site_name\" content=\"Amigos de El Salvador\" \/>\n<meta property=\"article:publisher\" content=\"https:\/\/www.facebook.com\/AmigosElSalvadoreV\/\" \/>\n<meta property=\"article:modified_time\" content=\"2025-11-13T12:06:35+00:00\" \/>\n<meta name=\"twitter:card\" content=\"summary_large_image\" \/>\n<meta name=\"twitter:label1\" content=\"Tiempo de lectura\" \/>\n\t<meta name=\"twitter:data1\" content=\"2 minutos\" \/>\n<script type=\"application\/ld+json\" class=\"yoast-schema-graph\">{\"@context\":\"https:\/\/schema.org\",\"@graph\":[{\"@type\":\"WebPage\",\"@id\":\"https:\/\/amigos-elsalvador.de\/es\/\",\"url\":\"https:\/\/amigos-elsalvador.de\/es\/\",\"name\":\"Inicio - Amigos de El Salvador\",\"isPartOf\":{\"@id\":\"https:\/\/amigos-elsalvador.de\/es\/#website\"},\"datePublished\":\"2021-12-11T11:02:45+00:00\",\"dateModified\":\"2025-11-13T12:06:35+00:00\",\"breadcrumb\":{\"@id\":\"https:\/\/amigos-elsalvador.de\/es\/#breadcrumb\"},\"inLanguage\":\"es\",\"potentialAction\":[{\"@type\":\"ReadAction\",\"target\":[\"https:\/\/amigos-elsalvador.de\/es\/\"]}]},{\"@type\":\"BreadcrumbList\",\"@id\":\"https:\/\/amigos-elsalvador.de\/es\/#breadcrumb\",\"itemListElement\":[{\"@type\":\"ListItem\",\"position\":1,\"name\":\"Startseite\",\"item\":\"https:\/\/amigos-elsalvador.de\/es\/\"},{\"@type\":\"ListItem\",\"position\":2,\"name\":\"Inicio\"}]},{\"@type\":\"WebSite\",\"@id\":\"https:\/\/amigos-elsalvador.de\/es\/#website\",\"url\":\"https:\/\/amigos-elsalvador.de\/es\/\",\"name\":\"Amigos de El Salvador\",\"description\":\"Amigos de El Salvador e.V.\",\"potentialAction\":[{\"@type\":\"SearchAction\",\"target\":{\"@type\":\"EntryPoint\",\"urlTemplate\":\"https:\/\/amigos-elsalvador.de\/es\/?s={search_term_string}\"},\"query-input\":{\"@type\":\"PropertyValueSpecification\",\"valueRequired\":true,\"valueName\":\"search_term_string\"}}],\"inLanguage\":\"es\"}]}<\/script>\n<!-- \/ Yoast SEO plugin. -->","yoast_head_json":{"title":"Inicio - Amigos de El Salvador","robots":{"index":"index","follow":"follow","max-snippet":"max-snippet:-1","max-image-preview":"max-image-preview:large","max-video-preview":"max-video-preview:-1"},"canonical":"https:\/\/amigos-elsalvador.de\/es\/","og_locale":"es_ES","og_type":"article","og_title":"Inicio - Amigos de El Salvador","og_description":"[vc_row el_class=\u00bbfrontpage-preview-section\u00bb][vc_column] [\/vc_column][\/vc_row][vc_row equal_height=\u00bbyes\u00bb content_placement=\u00bbmiddle\u00bb el_class=\u00bbfrontpage-preview-section\u00bb el_id=\u00bbsobre-nosotros\u00bb][vc_column width=\u00bb1\/2&#8243;][vc_single_image image=\u00bb693&#8243; img_size=\u00bbfull\u00bb alignment=\u00bbcenter\u00bb css_animation=\u00bbnone\u00bb][\/vc_column][vc_column width=\u00bb1\/2&#8243;][vc_column_text] Amigos de...Leer m\u00e1s","og_url":"https:\/\/amigos-elsalvador.de\/es\/","og_site_name":"Amigos de El Salvador","article_publisher":"https:\/\/www.facebook.com\/AmigosElSalvadoreV\/","article_modified_time":"2025-11-13T12:06:35+00:00","twitter_card":"summary_large_image","twitter_misc":{"Tiempo de lectura":"2 minutos"},"schema":{"@context":"https:\/\/schema.org","@graph":[{"@type":"WebPage","@id":"https:\/\/amigos-elsalvador.de\/es\/","url":"https:\/\/amigos-elsalvador.de\/es\/","name":"Inicio - Amigos de El Salvador","isPartOf":{"@id":"https:\/\/amigos-elsalvador.de\/es\/#website"},"datePublished":"2021-12-11T11:02:45+00:00","dateModified":"2025-11-13T12:06:35+00:00","breadcrumb":{"@id":"https:\/\/amigos-elsalvador.de\/es\/#breadcrumb"},"inLanguage":"es","potentialAction":[{"@type":"ReadAction","target":["https:\/\/amigos-elsalvador.de\/es\/"]}]},{"@type":"BreadcrumbList","@id":"https:\/\/amigos-elsalvador.de\/es\/#breadcrumb","itemListElement":[{"@type":"ListItem","position":1,"name":"Startseite","item":"https:\/\/amigos-elsalvador.de\/es\/"},{"@type":"ListItem","position":2,"name":"Inicio"}]},{"@type":"WebSite","@id":"https:\/\/amigos-elsalvador.de\/es\/#website","url":"https:\/\/amigos-elsalvador.de\/es\/","name":"Amigos de El Salvador","description":"Amigos de El Salvador e.V.","potentialAction":[{"@type":"SearchAction","target":{"@type":"EntryPoint","urlTemplate":"https:\/\/amigos-elsalvador.de\/es\/?s={search_term_string}"},"query-input":{"@type":"PropertyValueSpecification","valueRequired":true,"valueName":"search_term_string"}}],"inLanguage":"es"}]}},"_links":{"self":[{"href":"https:\/\/amigos-elsalvador.de\/es\/wp-json\/wp\/v2\/pages\/786","targetHints":{"allow":["GET"]}}],"collection":[{"href":"https:\/\/amigos-elsalvador.de\/es\/wp-json\/wp\/v2\/pages"}],"about":[{"href":"https:\/\/amigos-elsalvador.de\/es\/wp-json\/wp\/v2\/types\/page"}],"author":[{"embeddable":true,"href":"https:\/\/amigos-elsalvador.de\/es\/wp-json\/wp\/v2\/users\/1"}],"replies":[{"embeddable":true,"href":"https:\/\/amigos-elsalvador.de\/es\/wp-json\/wp\/v2\/comments?post=786"}],"version-history":[{"count":16,"href":"https:\/\/amigos-elsalvador.de\/es\/wp-json\/wp\/v2\/pages\/786\/revisions"}],"predecessor-version":[{"id":1172,"href":"https:\/\/amigos-elsalvador.de\/es\/wp-json\/wp\/v2\/pages\/786\/revisions\/1172"}],"wp:attachment":[{"href":"https:\/\/amigos-elsalvador.de\/es\/wp-json\/wp\/v2\/media?parent=786"}],"curies":[{"name":"wp","href":"https:\/\/api.w.org\/{rel}","templated":true}]}}