{"id":855,"date":"2021-12-11T16:17:51","date_gmt":"2021-12-11T15:17:51","guid":{"rendered":"https:\/\/amigos.auskas.de\/sobre-nosotros\/"},"modified":"2025-10-02T09:53:40","modified_gmt":"2025-10-02T07:53:40","slug":"sobre-nosotros","status":"publish","type":"page","link":"https:\/\/amigos-elsalvador.de\/es\/sobre-nosotros\/","title":{"rendered":"Sobre nosotros"},"content":{"rendered":"<div class=\"wpb-content-wrapper\"><p>[vc_row][vc_column][vc_row_inner][vc_column_inner][vc_column_text]<br \/>\nAmigos de El Salvador e.V. nace en 2019 en el sur de Alemania por el entusiasmo de un grupo de amigos salvadore\u00f1os y alemanes que desean crear un espacio para vivir, transmitir y compartir la cultura salvadore\u00f1a con amigos y familia en toda Alemania.<\/p>\n<p class=\"p1\">Con sede en Herrenberg, Baden-Wurtemberg, tiene como meta fomentar un pensamiento internacional, basado en la tolerancia, a trav\u00e9s de las relaciones culturales y sociales entre salvadore\u00f1os y alemanes. Adem\u00e1s, formar lazos duraderos y s\u00f3lidos \u2013 de cooperaci\u00f3n, intercambio y apoyo \u2013 entre ambas culturas.<\/p>\n<p><\/p>\n<p class=\"p1\">Si te interesa conocer m\u00e1s a fondo sobre la Asociaci\u00f3n en palabras m\u00e1s formales, te compartimos a continuaci\u00f3n los estatutos para que puedas descargarlo y leerlo:<\/p>\n<div class=\"download\">\r\n    <a class=\"btn download-link\" href=\"https:\/\/amigos-elsalvador.de\/es\/download\/76\/?tmstv=1775774731\" rel=\"nofollow\">\r\n        <span class=\"save-icon\">\r\n            <svg xmlns=\"http:\/\/www.w3.org\/2000\/svg\" width=\"16\" height=\"16\" fill=\"currentColor\" class=\"bi bi-download\" viewBox=\"0 0 16 16\">\r\n  <path d=\"M.5 9.9a.5.5 0 0 1 .5.5v2.5a1 1 0 0 0 1 1h12a1 1 0 0 0 1-1v-2.5a.5.5 0 0 1 1 0v2.5a2 2 0 0 1-2 2H2a2 2 0 0 1-2-2v-2.5a.5.5 0 0 1 .5-.5z\"\/>\r\n  <path d=\"M7.646 11.854a.5.5 0 0 0 .708 0l3-3a.5.5 0 0 0-.708-.708L8.5 10.293V1.5a.5.5 0 0 0-1 0v8.793L5.354 8.146a.5.5 0 1 0-.708.708l3 3z\"\/>\r\n<\/svg>\r\n        <\/span>\r\n        Satzung des Vereins Amigos de El Salvador e.V. v2        <span class=\"ades-filesize\">&ndash; 324,17 KB<\/span>\r\n    <\/a>\r\n<\/div>\r\n[\/vc_column_text][vc_column_text][\/vc_column_text][vc_column_text el_class=\u00bbequipo\u00bb]<\/p>\n<h2>Nuestro equipo<\/h2>\n<p>A continuaci\u00f3n te presentamos el equipo que est\u00e1 al frente de la Asociaci\u00f3n:<\/p>\n<ul>\n<li>Presidente: Denis Tejada<\/li>\n<li>Vicepresidenta: Cindy Portillo-Nisch<\/li>\n<li>Secretaria: Margarita Ruiz-Bamberg<\/li>\n<li>Tesorera: Morena Mercado de Kraft<\/li>\n<li>Vocal 1: Florian Bamberg<\/li>\n<li>Vocal 2: Romeo Guevara<\/li>\n<li>Vocal 3: Javier Portillo<\/li>\n<li>Auditora de Caja: Alejandra Campos Cu\u00e9llar<\/li>\n<\/ul>\n<p>Si quiere saber m\u00e1s sobre la Asociaci\u00f3n, participar en sus actividades, aportar o formar parte de ella, no dudes en\u00a0<a href=\"https:\/\/amigos-elsalvador.de\/es\/contactanos\/\">contactarnos<\/a>.[\/vc_column_text][\/vc_column_inner][\/vc_row_inner][\/vc_column][\/vc_row]<\/p>\n<\/div>","protected":false},"excerpt":{"rendered":"<p>[vc_row][vc_column][vc_row_inner][vc_column_inner][vc_column_text] Amigos de El Salvador e.V. nace en 2019 en el sur de Alemania por&#8230;<\/p>\n<div class=\"noticias-preview-item-footer\"><span class=\"ades-read-more\"><a href=\"https:\/\/amigos-elsalvador.de\/es\/sobre-nosotros\/\">Leer m\u00e1s<\/a><\/span><\/div>\n","protected":false},"author":1,"featured_media":0,"parent":0,"menu_order":1,"comment_status":"closed","ping_status":"closed","template":"page-sidebar.php","meta":{"_EventAllDay":false,"_EventTimezone":"","_EventStartDate":"","_EventEndDate":"","_EventStartDateUTC":"","_EventEndDateUTC":"","_EventShowMap":false,"_EventShowMapLink":false,"_EventURL":"","_EventCost":"","_EventCostDescription":"","_EventCurrencySymbol":"","_EventCurrencyCode":"","_EventCurrencyPosition":"","_EventDateTimeSeparator":"","_EventTimeRangeSeparator":"","_EventOrganizerID":[],"_EventVenueID":[],"_OrganizerEmail":"","_OrganizerPhone":"","_OrganizerWebsite":"","_VenueAddress":"","_VenueCity":"","_VenueCountry":"","_VenueProvince":"","_VenueState":"","_VenueZip":"","_VenuePhone":"","_VenueURL":"","_VenueStateProvince":"","_VenueLat":"","_VenueLng":"","_VenueShowMap":false,"_VenueShowMapLink":false,"footnotes":""},"class_list":["post-855","page","type-page","status-publish","hentry"],"yoast_head":"<!-- This site is optimized with the Yoast SEO plugin v26.3 - https:\/\/yoast.com\/wordpress\/plugins\/seo\/ -->\n<title>Sobre nosotros - Amigos de El Salvador<\/title>\n<meta name=\"description\" content=\"Amigos de El Salvador e.V.&quot; wurde 2019 im S\u00fcden Deutschlands aus der Begeisterung einer Gruppe von salvadorianischen und deutschen Freunden geboren, die einen Ort schaffen m\u00f6chten, um die salvadorianische Kultur mit Freunden und Familie in ganz Deutschland zu leben, weiterzugeben und zu teilen.\" \/>\n<meta name=\"robots\" content=\"index, follow, max-snippet:-1, max-image-preview:large, max-video-preview:-1\" \/>\n<link rel=\"canonical\" href=\"https:\/\/amigos-elsalvador.de\/es\/sobre-nosotros\/\" \/>\n<meta property=\"og:locale\" content=\"es_ES\" \/>\n<meta property=\"og:type\" content=\"article\" \/>\n<meta property=\"og:title\" content=\"Sobre nosotros - Amigos de El Salvador\" \/>\n<meta property=\"og:description\" content=\"Amigos de El Salvador e.V.&quot; wurde 2019 im S\u00fcden Deutschlands aus der Begeisterung einer Gruppe von salvadorianischen und deutschen Freunden geboren, die einen Ort schaffen m\u00f6chten, um die salvadorianische Kultur mit Freunden und Familie in ganz Deutschland zu leben, weiterzugeben und zu teilen.\" \/>\n<meta property=\"og:url\" content=\"https:\/\/amigos-elsalvador.de\/es\/sobre-nosotros\/\" \/>\n<meta property=\"og:site_name\" content=\"Amigos de El Salvador\" \/>\n<meta property=\"article:publisher\" content=\"https:\/\/www.facebook.com\/AmigosElSalvadoreV\/\" \/>\n<meta property=\"article:modified_time\" content=\"2025-10-02T07:53:40+00:00\" \/>\n<meta name=\"twitter:card\" content=\"summary_large_image\" \/>\n<meta name=\"twitter:label1\" content=\"Tiempo de lectura\" \/>\n\t<meta name=\"twitter:data1\" content=\"1 minuto\" \/>\n<script type=\"application\/ld+json\" class=\"yoast-schema-graph\">{\"@context\":\"https:\/\/schema.org\",\"@graph\":[{\"@type\":\"WebPage\",\"@id\":\"https:\/\/amigos-elsalvador.de\/es\/sobre-nosotros\/\",\"url\":\"https:\/\/amigos-elsalvador.de\/es\/sobre-nosotros\/\",\"name\":\"Sobre nosotros - Amigos de El Salvador\",\"isPartOf\":{\"@id\":\"https:\/\/amigos-elsalvador.de\/es\/#website\"},\"datePublished\":\"2021-12-11T15:17:51+00:00\",\"dateModified\":\"2025-10-02T07:53:40+00:00\",\"description\":\"Amigos de El Salvador e.V.\\\" wurde 2019 im S\u00fcden Deutschlands aus der Begeisterung einer Gruppe von salvadorianischen und deutschen Freunden geboren, die einen Ort schaffen m\u00f6chten, um die salvadorianische Kultur mit Freunden und Familie in ganz Deutschland zu leben, weiterzugeben und zu teilen.\",\"breadcrumb\":{\"@id\":\"https:\/\/amigos-elsalvador.de\/es\/sobre-nosotros\/#breadcrumb\"},\"inLanguage\":\"es\",\"potentialAction\":[{\"@type\":\"ReadAction\",\"target\":[\"https:\/\/amigos-elsalvador.de\/es\/sobre-nosotros\/\"]}]},{\"@type\":\"BreadcrumbList\",\"@id\":\"https:\/\/amigos-elsalvador.de\/es\/sobre-nosotros\/#breadcrumb\",\"itemListElement\":[{\"@type\":\"ListItem\",\"position\":1,\"name\":\"Startseite\",\"item\":\"https:\/\/amigos-elsalvador.de\/es\/\"},{\"@type\":\"ListItem\",\"position\":2,\"name\":\"Sobre nosotros\"}]},{\"@type\":\"WebSite\",\"@id\":\"https:\/\/amigos-elsalvador.de\/es\/#website\",\"url\":\"https:\/\/amigos-elsalvador.de\/es\/\",\"name\":\"Amigos de El Salvador\",\"description\":\"Amigos de El Salvador e.V.\",\"potentialAction\":[{\"@type\":\"SearchAction\",\"target\":{\"@type\":\"EntryPoint\",\"urlTemplate\":\"https:\/\/amigos-elsalvador.de\/es\/?s={search_term_string}\"},\"query-input\":{\"@type\":\"PropertyValueSpecification\",\"valueRequired\":true,\"valueName\":\"search_term_string\"}}],\"inLanguage\":\"es\"}]}<\/script>\n<!-- \/ Yoast SEO plugin. -->","yoast_head_json":{"title":"Sobre nosotros - Amigos de El Salvador","description":"Amigos de El Salvador e.V.\" wurde 2019 im S\u00fcden Deutschlands aus der Begeisterung einer Gruppe von salvadorianischen und deutschen Freunden geboren, die einen Ort schaffen m\u00f6chten, um die salvadorianische Kultur mit Freunden und Familie in ganz Deutschland zu leben, weiterzugeben und zu teilen.","robots":{"index":"index","follow":"follow","max-snippet":"max-snippet:-1","max-image-preview":"max-image-preview:large","max-video-preview":"max-video-preview:-1"},"canonical":"https:\/\/amigos-elsalvador.de\/es\/sobre-nosotros\/","og_locale":"es_ES","og_type":"article","og_title":"Sobre nosotros - Amigos de El Salvador","og_description":"Amigos de El Salvador e.V.\" wurde 2019 im S\u00fcden Deutschlands aus der Begeisterung einer Gruppe von salvadorianischen und deutschen Freunden geboren, die einen Ort schaffen m\u00f6chten, um die salvadorianische Kultur mit Freunden und Familie in ganz Deutschland zu leben, weiterzugeben und zu teilen.","og_url":"https:\/\/amigos-elsalvador.de\/es\/sobre-nosotros\/","og_site_name":"Amigos de El Salvador","article_publisher":"https:\/\/www.facebook.com\/AmigosElSalvadoreV\/","article_modified_time":"2025-10-02T07:53:40+00:00","twitter_card":"summary_large_image","twitter_misc":{"Tiempo de lectura":"1 minuto"},"schema":{"@context":"https:\/\/schema.org","@graph":[{"@type":"WebPage","@id":"https:\/\/amigos-elsalvador.de\/es\/sobre-nosotros\/","url":"https:\/\/amigos-elsalvador.de\/es\/sobre-nosotros\/","name":"Sobre nosotros - Amigos de El Salvador","isPartOf":{"@id":"https:\/\/amigos-elsalvador.de\/es\/#website"},"datePublished":"2021-12-11T15:17:51+00:00","dateModified":"2025-10-02T07:53:40+00:00","description":"Amigos de El Salvador e.V.\" wurde 2019 im S\u00fcden Deutschlands aus der Begeisterung einer Gruppe von salvadorianischen und deutschen Freunden geboren, die einen Ort schaffen m\u00f6chten, um die salvadorianische Kultur mit Freunden und Familie in ganz Deutschland zu leben, weiterzugeben und zu teilen.","breadcrumb":{"@id":"https:\/\/amigos-elsalvador.de\/es\/sobre-nosotros\/#breadcrumb"},"inLanguage":"es","potentialAction":[{"@type":"ReadAction","target":["https:\/\/amigos-elsalvador.de\/es\/sobre-nosotros\/"]}]},{"@type":"BreadcrumbList","@id":"https:\/\/amigos-elsalvador.de\/es\/sobre-nosotros\/#breadcrumb","itemListElement":[{"@type":"ListItem","position":1,"name":"Startseite","item":"https:\/\/amigos-elsalvador.de\/es\/"},{"@type":"ListItem","position":2,"name":"Sobre nosotros"}]},{"@type":"WebSite","@id":"https:\/\/amigos-elsalvador.de\/es\/#website","url":"https:\/\/amigos-elsalvador.de\/es\/","name":"Amigos de El Salvador","description":"Amigos de El Salvador e.V.","potentialAction":[{"@type":"SearchAction","target":{"@type":"EntryPoint","urlTemplate":"https:\/\/amigos-elsalvador.de\/es\/?s={search_term_string}"},"query-input":{"@type":"PropertyValueSpecification","valueRequired":true,"valueName":"search_term_string"}}],"inLanguage":"es"}]}},"_links":{"self":[{"href":"https:\/\/amigos-elsalvador.de\/es\/wp-json\/wp\/v2\/pages\/855","targetHints":{"allow":["GET"]}}],"collection":[{"href":"https:\/\/amigos-elsalvador.de\/es\/wp-json\/wp\/v2\/pages"}],"about":[{"href":"https:\/\/amigos-elsalvador.de\/es\/wp-json\/wp\/v2\/types\/page"}],"author":[{"embeddable":true,"href":"https:\/\/amigos-elsalvador.de\/es\/wp-json\/wp\/v2\/users\/1"}],"replies":[{"embeddable":true,"href":"https:\/\/amigos-elsalvador.de\/es\/wp-json\/wp\/v2\/comments?post=855"}],"version-history":[{"count":8,"href":"https:\/\/amigos-elsalvador.de\/es\/wp-json\/wp\/v2\/pages\/855\/revisions"}],"predecessor-version":[{"id":1076,"href":"https:\/\/amigos-elsalvador.de\/es\/wp-json\/wp\/v2\/pages\/855\/revisions\/1076"}],"wp:attachment":[{"href":"https:\/\/amigos-elsalvador.de\/es\/wp-json\/wp\/v2\/media?parent=855"}],"curies":[{"name":"wp","href":"https:\/\/api.w.org\/{rel}","templated":true}]}}